{"id":73,"date":"2016-07-15T18:42:55","date_gmt":"2016-07-15T18:42:55","guid":{"rendered":"http:\/\/www.fotobuzzer.com\/?page_id=73"},"modified":"2017-01-04T11:31:48","modified_gmt":"2017-01-04T11:31:48","slug":"modularer-aufbau","status":"publish","type":"page","link":"https:\/\/www.fotobuzzer.com\/?page_id=73","title":{"rendered":"Modularer Aufbau"},"content":{"rendered":"<p>Decke zu niedrig, kein Platz? Durch den modularen Aufbau l\u00e4sst sich das System\u00a0auch verkleinert\u00a0aufbauen<!--more-->.<\/p>\n<p>Das System passt problemlos bei normaler Deckenh\u00f6he.\u00a0Es l\u00e4sst sich aber auch 70 cm niedriger aufbauen, indem man das untere Element der S\u00e4ule raus l\u00e4sst. F\u00fcr Sonderf\u00e4lle kann auch der Blitz mit einem extra Stativ getrennt auf gebaut werden. Wir finden die passende L\u00f6sung f\u00fcr ihren Raum!<\/p>\n<p><img loading=\"lazy\" decoding=\"async\" class=\"alignnone size-full wp-image-74\" src=\"https:\/\/www.fotobuzzer.com\/wp-content\/uploads\/2016\/07\/20160330-DSC_1876.jpg\" alt=\"\" width=\"1600\" height=\"1068\" srcset=\"https:\/\/www.fotobuzzer.com\/wp-content\/uploads\/2016\/07\/20160330-DSC_1876.jpg 1600w, https:\/\/www.fotobuzzer.com\/wp-content\/uploads\/2016\/07\/20160330-DSC_1876-300x200.jpg 300w, https:\/\/www.fotobuzzer.com\/wp-content\/uploads\/2016\/07\/20160330-DSC_1876-768x513.jpg 768w, https:\/\/www.fotobuzzer.com\/wp-content\/uploads\/2016\/07\/20160330-DSC_1876-1024x684.jpg 1024w\" sizes=\"auto, (max-width: 1600px) 100vw, 1600px\" \/><\/p>\n","protected":false},"excerpt":{"rendered":"<p>Decke zu niedrig, kein Platz? Durch den modularen Aufbau l\u00e4sst sich das System\u00a0auch verkleinert\u00a0aufbauen<\/p>\n","protected":false},"author":1,"featured_media":74,"parent":0,"menu_order":2,"comment_status":"closed","ping_status":"closed","template":"page-templates\/template-team.php","meta":{"footnotes":""},"class_list":["post-73","page","type-page","status-publish","has-post-thumbnail","hentry"],"_links":{"self":[{"href":"https:\/\/www.fotobuzzer.com\/index.php?rest_route=\/wp\/v2\/pages\/73","targetHints":{"allow":["GET"]}}],"collection":[{"href":"https:\/\/www.fotobuzzer.com\/index.php?rest_route=\/wp\/v2\/pages"}],"about":[{"href":"https:\/\/www.fotobuzzer.com\/index.php?rest_route=\/wp\/v2\/types\/page"}],"author":[{"embeddable":true,"href":"https:\/\/www.fotobuzzer.com\/index.php?rest_route=\/wp\/v2\/users\/1"}],"replies":[{"embeddable":true,"href":"https:\/\/www.fotobuzzer.com\/index.php?rest_route=%2Fwp%2Fv2%2Fcomments&post=73"}],"version-history":[{"count":7,"href":"https:\/\/www.fotobuzzer.com\/index.php?rest_route=\/wp\/v2\/pages\/73\/revisions"}],"predecessor-version":[{"id":157,"href":"https:\/\/www.fotobuzzer.com\/index.php?rest_route=\/wp\/v2\/pages\/73\/revisions\/157"}],"wp:featuredmedia":[{"embeddable":true,"href":"https:\/\/www.fotobuzzer.com\/index.php?rest_route=\/wp\/v2\/media\/74"}],"wp:attachment":[{"href":"https:\/\/www.fotobuzzer.com\/index.php?rest_route=%2Fwp%2Fv2%2Fmedia&parent=73"}],"curies":[{"name":"wp","href":"https:\/\/api.w.org\/{rel}","templated":true}]}}