{"id":68,"date":"2016-07-15T18:28:40","date_gmt":"2016-07-15T18:28:40","guid":{"rendered":"http:\/\/www.fotobuzzer.com\/?page_id=68"},"modified":"2017-01-04T11:31:04","modified_gmt":"2017-01-04T11:31:04","slug":"uebersichtliche-einzelteile","status":"publish","type":"page","link":"https:\/\/www.fotobuzzer.com\/?page_id=68","title":{"rendered":"\u00fcbersichtliche Einzelteile"},"content":{"rendered":"<p>Nur wenige Einzelteile notwendig. D.h. schnell auf- und abgebaut<!--more-->.<\/p>\n<p>Die drei Teile der S\u00e4ule zusammen stecken, Blitz, Kamera und Monitor \u00fcber Schnellverbinder befestigen. Den Kabelbaum einh\u00e4ngen und die Stecker einstecken. In den Blitz noch den Schirm einstecken sowie den Buzzer an der gew\u00fcnschten Position verkabeln, schon kann es los gehen.<\/p>\n<p><img loading=\"lazy\" decoding=\"async\" class=\"alignnone size-full wp-image-71\" src=\"https:\/\/www.fotobuzzer.com\/wp-content\/uploads\/2016\/07\/20160330-DSC_1874.jpg\" alt=\"\" width=\"1600\" height=\"1185\" srcset=\"https:\/\/www.fotobuzzer.com\/wp-content\/uploads\/2016\/07\/20160330-DSC_1874.jpg 1600w, https:\/\/www.fotobuzzer.com\/wp-content\/uploads\/2016\/07\/20160330-DSC_1874-300x222.jpg 300w, https:\/\/www.fotobuzzer.com\/wp-content\/uploads\/2016\/07\/20160330-DSC_1874-768x569.jpg 768w, https:\/\/www.fotobuzzer.com\/wp-content\/uploads\/2016\/07\/20160330-DSC_1874-1024x758.jpg 1024w\" sizes=\"auto, (max-width: 1600px) 100vw, 1600px\" \/><\/p>\n","protected":false},"excerpt":{"rendered":"<p>Nur wenige Einzelteile notwendig. D.h. schnell auf- und abgebaut<\/p>\n","protected":false},"author":1,"featured_media":71,"parent":0,"menu_order":1,"comment_status":"closed","ping_status":"closed","template":"page-templates\/template-team.php","meta":{"footnotes":""},"class_list":["post-68","page","type-page","status-publish","has-post-thumbnail","hentry"],"_links":{"self":[{"href":"https:\/\/www.fotobuzzer.com\/index.php?rest_route=\/wp\/v2\/pages\/68","targetHints":{"allow":["GET"]}}],"collection":[{"href":"https:\/\/www.fotobuzzer.com\/index.php?rest_route=\/wp\/v2\/pages"}],"about":[{"href":"https:\/\/www.fotobuzzer.com\/index.php?rest_route=\/wp\/v2\/types\/page"}],"author":[{"embeddable":true,"href":"https:\/\/www.fotobuzzer.com\/index.php?rest_route=\/wp\/v2\/users\/1"}],"replies":[{"embeddable":true,"href":"https:\/\/www.fotobuzzer.com\/index.php?rest_route=%2Fwp%2Fv2%2Fcomments&post=68"}],"version-history":[{"count":6,"href":"https:\/\/www.fotobuzzer.com\/index.php?rest_route=\/wp\/v2\/pages\/68\/revisions"}],"predecessor-version":[{"id":150,"href":"https:\/\/www.fotobuzzer.com\/index.php?rest_route=\/wp\/v2\/pages\/68\/revisions\/150"}],"wp:featuredmedia":[{"embeddable":true,"href":"https:\/\/www.fotobuzzer.com\/index.php?rest_route=\/wp\/v2\/media\/71"}],"wp:attachment":[{"href":"https:\/\/www.fotobuzzer.com\/index.php?rest_route=%2Fwp%2Fv2%2Fmedia&parent=68"}],"curies":[{"name":"wp","href":"https:\/\/api.w.org\/{rel}","templated":true}]}}