{"id":60,"date":"2016-07-14T18:16:32","date_gmt":"2016-07-14T18:16:32","guid":{"rendered":"http:\/\/www.fotobuzzer.com\/?page_id=60"},"modified":"2017-01-04T11:30:44","modified_gmt":"2017-01-04T11:30:44","slug":"kompakt","status":"publish","type":"page","link":"https:\/\/www.fotobuzzer.com\/?page_id=60","title":{"rendered":"einfach zu transportieren"},"content":{"rendered":"<p>Passt f\u00fcr den Transport problemlos auch in kleine Autos<!--more-->.<\/p>\n<p>Die Grundplatte dient beim Transport als Rollbrett f\u00fcr die weiteren Teile. Die Tragetasche enth\u00e4lt das Stativ f\u00fcr den Buzzer, sowie die beiden Teile der S\u00e4ule, die sonstigen Einzelteile sind alle sicher im Case verstaut. Die Grundfl\u00e4che des Cases und der Grundplatte betr\u00e4gt 40&#215;60 cm<\/p>\n<p><img loading=\"lazy\" decoding=\"async\" class=\"alignnone size-full wp-image-56\" src=\"https:\/\/www.fotobuzzer.com\/wp-content\/uploads\/2016\/07\/Fotobuzzer-1.jpg\" alt=\"\" width=\"1280\" height=\"854\" srcset=\"https:\/\/www.fotobuzzer.com\/wp-content\/uploads\/2016\/07\/Fotobuzzer-1.jpg 1280w, https:\/\/www.fotobuzzer.com\/wp-content\/uploads\/2016\/07\/Fotobuzzer-1-300x200.jpg 300w, https:\/\/www.fotobuzzer.com\/wp-content\/uploads\/2016\/07\/Fotobuzzer-1-768x512.jpg 768w, https:\/\/www.fotobuzzer.com\/wp-content\/uploads\/2016\/07\/Fotobuzzer-1-1024x683.jpg 1024w\" sizes=\"auto, (max-width: 1280px) 100vw, 1280px\" \/><\/p>\n","protected":false},"excerpt":{"rendered":"<p>Passt f\u00fcr den Transport problemlos auch in kleine Autos<\/p>\n","protected":false},"author":1,"featured_media":56,"parent":0,"menu_order":0,"comment_status":"closed","ping_status":"closed","template":"page-templates\/template-team.php","meta":{"footnotes":""},"class_list":["post-60","page","type-page","status-publish","has-post-thumbnail","hentry"],"_links":{"self":[{"href":"https:\/\/www.fotobuzzer.com\/index.php?rest_route=\/wp\/v2\/pages\/60","targetHints":{"allow":["GET"]}}],"collection":[{"href":"https:\/\/www.fotobuzzer.com\/index.php?rest_route=\/wp\/v2\/pages"}],"about":[{"href":"https:\/\/www.fotobuzzer.com\/index.php?rest_route=\/wp\/v2\/types\/page"}],"author":[{"embeddable":true,"href":"https:\/\/www.fotobuzzer.com\/index.php?rest_route=\/wp\/v2\/users\/1"}],"replies":[{"embeddable":true,"href":"https:\/\/www.fotobuzzer.com\/index.php?rest_route=%2Fwp%2Fv2%2Fcomments&post=60"}],"version-history":[{"count":15,"href":"https:\/\/www.fotobuzzer.com\/index.php?rest_route=\/wp\/v2\/pages\/60\/revisions"}],"predecessor-version":[{"id":149,"href":"https:\/\/www.fotobuzzer.com\/index.php?rest_route=\/wp\/v2\/pages\/60\/revisions\/149"}],"wp:featuredmedia":[{"embeddable":true,"href":"https:\/\/www.fotobuzzer.com\/index.php?rest_route=\/wp\/v2\/media\/56"}],"wp:attachment":[{"href":"https:\/\/www.fotobuzzer.com\/index.php?rest_route=%2Fwp%2Fv2%2Fmedia&parent=60"}],"curies":[{"name":"wp","href":"https:\/\/api.w.org\/{rel}","templated":true}]}}