{"id":28,"date":"2016-07-12T18:20:55","date_gmt":"2016-07-12T18:20:55","guid":{"rendered":"http:\/\/www.fotobuzzer.com\/?page_id=28"},"modified":"2017-01-04T11:32:28","modified_gmt":"2017-01-04T11:32:28","slug":"infos","status":"publish","type":"page","link":"https:\/\/www.fotobuzzer.com\/?page_id=28","title":{"rendered":"Warum?"},"content":{"rendered":"<p>Egal ob Geburtstag, Abiball, Hochzeit, Familienfeier,\u2026. Eine Fotobox bietet die stressfreie M\u00f6glichkeit am Ende der Veranstaltung Fotos der anwesenden Personen in der Hand zu halten. <!--more--><\/p>\n<p>Und egal ob daraus dann ein Fotobuch entsteht, die Bilder als Collage an die Wand geh\u00e4ngt werden oder einfach als Datei auf dem Rechner verbleiben, Fotos sind eine der sch\u00f6nsten M\u00f6glichkeiten sich danach wieder daran zu erinnern!<\/p>\n","protected":false},"excerpt":{"rendered":"<p>Egal ob Geburtstag, Abiball, Hochzeit, Familienfeier,\u2026. Eine Fotobox bietet die stressfreie M\u00f6glichkeit am Ende der Veranstaltung Fotos der anwesenden Personen in der Hand zu halten.<\/p>\n","protected":false},"author":1,"featured_media":57,"parent":0,"menu_order":0,"comment_status":"closed","ping_status":"closed","template":"","meta":{"footnotes":""},"class_list":["post-28","page","type-page","status-publish","has-post-thumbnail","hentry"],"_links":{"self":[{"href":"https:\/\/www.fotobuzzer.com\/index.php?rest_route=\/wp\/v2\/pages\/28","targetHints":{"allow":["GET"]}}],"collection":[{"href":"https:\/\/www.fotobuzzer.com\/index.php?rest_route=\/wp\/v2\/pages"}],"about":[{"href":"https:\/\/www.fotobuzzer.com\/index.php?rest_route=\/wp\/v2\/types\/page"}],"author":[{"embeddable":true,"href":"https:\/\/www.fotobuzzer.com\/index.php?rest_route=\/wp\/v2\/users\/1"}],"replies":[{"embeddable":true,"href":"https:\/\/www.fotobuzzer.com\/index.php?rest_route=%2Fwp%2Fv2%2Fcomments&post=28"}],"version-history":[{"count":13,"href":"https:\/\/www.fotobuzzer.com\/index.php?rest_route=\/wp\/v2\/pages\/28\/revisions"}],"predecessor-version":[{"id":153,"href":"https:\/\/www.fotobuzzer.com\/index.php?rest_route=\/wp\/v2\/pages\/28\/revisions\/153"}],"wp:featuredmedia":[{"embeddable":true,"href":"https:\/\/www.fotobuzzer.com\/index.php?rest_route=\/wp\/v2\/media\/57"}],"wp:attachment":[{"href":"https:\/\/www.fotobuzzer.com\/index.php?rest_route=%2Fwp%2Fv2%2Fmedia&parent=28"}],"curies":[{"name":"wp","href":"https:\/\/api.w.org\/{rel}","templated":true}]}}