{"id":21,"date":"2016-07-12T18:15:52","date_gmt":"2016-07-12T18:15:52","guid":{"rendered":"http:\/\/www.fotobuzzer.com\/?page_id=21"},"modified":"2022-05-22T19:44:04","modified_gmt":"2022-05-22T19:44:04","slug":"preise","status":"publish","type":"page","link":"https:\/\/www.fotobuzzer.com\/?page_id=21","title":{"rendered":"Preise"},"content":{"rendered":"<p>Der Preis f\u00fcr das Grundsystem betr\u00e4gt\u00a0160\u20ac pro Einsatztag. F\u00fcr mehr Informationen klicken sie bitte auf &#8222;Mehr lesen&#8220;<\/p>\n<p><!--more--><\/p>\n<p>Inklusive ist dabei die Fotobox selber, eine unbegrenzte Anzahl an fotografierten Fotos sowie die anschlie\u00dfende Bereitstellung der Fotos \u00fcber einen Link zu einer Cloud.<\/p>\n<p>Um flexibel auf unterschiedliche Anforderungen und Bed\u00fcrfnisse eingehen zu k\u00f6nnen, ist das sonstige Zubeh\u00f6r optional dazu buchbar:<\/p>\n<ul>\n<li>Das Hintergrundsystem kostet unabh\u00e4ngig vom gew\u00e4hlten Hintergrund 20\u20ac<\/li>\n<li>Sollen die Bilder direkt vor Ort gedruckt werden, so wird zus\u00e4tzlich zur Fotobox die Druckstation ben\u00f6tigt. Diese kostet zus\u00e4tzlich 170\u20ac inklusive der ersten 400 gedruckten Bildern (10x15cm). Jedes weitere gedruckte Foto wird anschlie\u00dfend mit 0,25\u20ac pro Bild nach tats\u00e4chlichem Bedarf abgerechnet.<\/li>\n<li>Bei Bedarf kann das System auch geliefert und auf- und abgebaut werden. Die Preise hierf\u00fcr variieren je nach\u00a0<img loading=\"lazy\" decoding=\"async\" class=\"alignnone size-medium wp-image-108\" src=\"https:\/\/www.fotobuzzer.com\/wp-content\/uploads\/2016\/07\/screenshot_sketchup.tiff\" alt=\"screenshot_sketchup\" width=\"1\" height=\"1\" \/>Entfernung von Friedrichshafen und beginnen bei 30\u20ac. F\u00fcr einen konkreten Preis bitten wir um eine <a href=\"https:\/\/www.fotobuzzer.com\/#anfrage\">Anfrage<\/a><\/li>\n<\/ul>\n<p>Alle Preise verstehen sich brutto und pro Einsatztag, sollten Sie also die Box f\u00fcr einen Einsatz am Samstag schon am Freitag holen und erst am Dienstag wieder bringen, so wird trotzdem nur der eigentliche Einsatztag berechnet.<\/p>\n","protected":false},"excerpt":{"rendered":"<p>Der Preis f\u00fcr das Grundsystem betr\u00e4gt\u00a0160\u20ac pro Einsatztag. F\u00fcr mehr Informationen klicken sie bitte auf &#8222;Mehr lesen&#8220;<\/p>\n","protected":false},"author":1,"featured_media":170,"parent":0,"menu_order":0,"comment_status":"closed","ping_status":"closed","template":"","meta":{"footnotes":""},"class_list":["post-21","page","type-page","status-publish","has-post-thumbnail","hentry"],"_links":{"self":[{"href":"https:\/\/www.fotobuzzer.com\/index.php?rest_route=\/wp\/v2\/pages\/21","targetHints":{"allow":["GET"]}}],"collection":[{"href":"https:\/\/www.fotobuzzer.com\/index.php?rest_route=\/wp\/v2\/pages"}],"about":[{"href":"https:\/\/www.fotobuzzer.com\/index.php?rest_route=\/wp\/v2\/types\/page"}],"author":[{"embeddable":true,"href":"https:\/\/www.fotobuzzer.com\/index.php?rest_route=\/wp\/v2\/users\/1"}],"replies":[{"embeddable":true,"href":"https:\/\/www.fotobuzzer.com\/index.php?rest_route=%2Fwp%2Fv2%2Fcomments&post=21"}],"version-history":[{"count":13,"href":"https:\/\/www.fotobuzzer.com\/index.php?rest_route=\/wp\/v2\/pages\/21\/revisions"}],"predecessor-version":[{"id":1668,"href":"https:\/\/www.fotobuzzer.com\/index.php?rest_route=\/wp\/v2\/pages\/21\/revisions\/1668"}],"wp:featuredmedia":[{"embeddable":true,"href":"https:\/\/www.fotobuzzer.com\/index.php?rest_route=\/wp\/v2\/media\/170"}],"wp:attachment":[{"href":"https:\/\/www.fotobuzzer.com\/index.php?rest_route=%2Fwp%2Fv2%2Fmedia&parent=21"}],"curies":[{"name":"wp","href":"https:\/\/api.w.org\/{rel}","templated":true}]}}