{"id":186,"date":"2017-01-07T11:21:49","date_gmt":"2017-01-07T11:21:49","guid":{"rendered":"http:\/\/www.fotobuzzer.com\/?page_id=186"},"modified":"2017-10-01T12:20:36","modified_gmt":"2017-10-01T12:20:36","slug":"hintergrundsystem","status":"publish","type":"page","link":"https:\/\/www.fotobuzzer.com\/?page_id=186","title":{"rendered":"Hintergrundsystem"},"content":{"rendered":"<p>Sollte keine passende Ecke oder Wand als Hintergrund zur Verf\u00fcgung stehen, so steht ein Hintergrundsystem mit bis zu 3 Metern Breite zur Verf\u00fcgung.<!--more--><\/p>\n<p>Dieses kann mit verschiedenen Hintergrund-Stoffen dazu gebucht werden. Zur Verf\u00fcgung stehen aktuell 3 verschiedene Backdrops:<\/p>\n<ul>\n<li>Wei\u00dfer Molton 3&#215;3 m: Ideal als neutraler Hintergrund f\u00fcr gr\u00f6\u00dfere Gruppen<\/li>\n<li>Unifarben grau 1,5 x 2,5m: Ideal als Hintergrund f\u00fcr mittlere Gruppen. 2,50m Breite sind ausreichend f\u00fcr Gruppen bis etwa 8 Personen gleichzeitig. Durch die geringe H\u00f6he (1,5m hoch) nicht f\u00fcr Bilder geeignet bei denen die F\u00fc\u00dfe mit auf den Bildern zu sehen sein sollen.<\/li>\n<\/ul>\n<p><img loading=\"lazy\" decoding=\"async\" class=\"wp-image-217 size-full alignnone\" src=\"https:\/\/www.fotobuzzer.com\/wp-content\/uploads\/2017\/01\/01-j-077-150x15056b4806b2e01d_720x600-e1506859484488.jpg\" alt=\"\" width=\"600\" height=\"249\" srcset=\"https:\/\/www.fotobuzzer.com\/wp-content\/uploads\/2017\/01\/01-j-077-150x15056b4806b2e01d_720x600-e1506859484488.jpg 600w, https:\/\/www.fotobuzzer.com\/wp-content\/uploads\/2017\/01\/01-j-077-150x15056b4806b2e01d_720x600-e1506859484488-300x125.jpg 300w\" sizes=\"auto, (max-width: 600px) 100vw, 600px\" \/><\/p>\n<ul>\n<li>Beschreibbarer Hintergrund 2,25m x 1,75m: Ideal als Hintergrund f\u00fcr kleinere Gruppen. 1,75 m sind ausreichend f\u00fcr Gruppen bis etwa 5 Personen gleichzeitig. Durch die M\u00f6glichkeit den Hintergrund mit Kreide zu beschriften und durch den Aufdruck nat\u00fcrlich ideal f\u00fcr Hochzeiten, mit etwas Zusatz-Deko als Hintergrund seitlich auch wieder f\u00fcr gr\u00f6\u00dfere Gruppen geeignet.<\/li>\n<\/ul>\n<p><img loading=\"lazy\" decoding=\"async\" class=\"wp-image-218 size-full alignnone\" src=\"https:\/\/www.fotobuzzer.com\/wp-content\/uploads\/2017\/01\/01-c-075-175x225_720x600-e1506859789232.jpg\" alt=\"\" width=\"466\" height=\"265\" srcset=\"https:\/\/www.fotobuzzer.com\/wp-content\/uploads\/2017\/01\/01-c-075-175x225_720x600-e1506859789232.jpg 466w, https:\/\/www.fotobuzzer.com\/wp-content\/uploads\/2017\/01\/01-c-075-175x225_720x600-e1506859789232-300x171.jpg 300w\" sizes=\"auto, (max-width: 466px) 100vw, 466px\" \/><\/p>\n","protected":false},"excerpt":{"rendered":"<p>Sollte keine passende Ecke oder Wand als Hintergrund zur Verf\u00fcgung stehen, so steht ein Hintergrundsystem mit bis zu 3 Metern Breite zur Verf\u00fcgung.<\/p>\n","protected":false},"author":1,"featured_media":189,"parent":0,"menu_order":0,"comment_status":"closed","ping_status":"closed","template":"page-templates\/template-portfolio.php","meta":{"footnotes":""},"class_list":["post-186","page","type-page","status-publish","has-post-thumbnail","hentry"],"_links":{"self":[{"href":"https:\/\/www.fotobuzzer.com\/index.php?rest_route=\/wp\/v2\/pages\/186","targetHints":{"allow":["GET"]}}],"collection":[{"href":"https:\/\/www.fotobuzzer.com\/index.php?rest_route=\/wp\/v2\/pages"}],"about":[{"href":"https:\/\/www.fotobuzzer.com\/index.php?rest_route=\/wp\/v2\/types\/page"}],"author":[{"embeddable":true,"href":"https:\/\/www.fotobuzzer.com\/index.php?rest_route=\/wp\/v2\/users\/1"}],"replies":[{"embeddable":true,"href":"https:\/\/www.fotobuzzer.com\/index.php?rest_route=%2Fwp%2Fv2%2Fcomments&post=186"}],"version-history":[{"count":8,"href":"https:\/\/www.fotobuzzer.com\/index.php?rest_route=\/wp\/v2\/pages\/186\/revisions"}],"predecessor-version":[{"id":226,"href":"https:\/\/www.fotobuzzer.com\/index.php?rest_route=\/wp\/v2\/pages\/186\/revisions\/226"}],"wp:featuredmedia":[{"embeddable":true,"href":"https:\/\/www.fotobuzzer.com\/index.php?rest_route=\/wp\/v2\/media\/189"}],"wp:attachment":[{"href":"https:\/\/www.fotobuzzer.com\/index.php?rest_route=%2Fwp%2Fv2%2Fmedia&parent=186"}],"curies":[{"name":"wp","href":"https:\/\/api.w.org\/{rel}","templated":true}]}}