{"id":176,"date":"2017-01-07T11:23:52","date_gmt":"2017-01-07T11:23:52","guid":{"rendered":"http:\/\/www.fotobuzzer.com\/?page_id=176"},"modified":"2017-10-01T12:19:20","modified_gmt":"2017-10-01T12:19:20","slug":"licht-und-tontechnik","status":"publish","type":"page","link":"https:\/\/www.fotobuzzer.com\/?page_id=176","title":{"rendered":"Licht- und Tontechnik"},"content":{"rendered":"<p>Sie ben\u00f6tigen noch\u00a0Lautsprecher f\u00fcr die Veranstaltung? Dem Raum fehlt das gewisse etwas, das sich durch gezielte Ausleuchtung heraus kitzeln l\u00e4sst? Oder fehlt noch die passende Beleuchtung f\u00fcr die Tanzfl\u00e4che?<!--more--><\/p>\n<p>Dann fragen Sie das doch einfach mit an und erhalten sie die gesamte ben\u00f6tigte Technik aus einer Hand.<\/p>\n<p><img loading=\"lazy\" decoding=\"async\" class=\"alignnone wp-image-177\" src=\"https:\/\/www.fotobuzzer.com\/wp-content\/uploads\/2017\/01\/20130928-DSC_5695.jpg\" alt=\"Au\u00dfenbeleuchtung\" width=\"1199\" height=\"800\" srcset=\"https:\/\/www.fotobuzzer.com\/wp-content\/uploads\/2017\/01\/20130928-DSC_5695.jpg 1600w, https:\/\/www.fotobuzzer.com\/wp-content\/uploads\/2017\/01\/20130928-DSC_5695-300x200.jpg 300w, https:\/\/www.fotobuzzer.com\/wp-content\/uploads\/2017\/01\/20130928-DSC_5695-768x513.jpg 768w, https:\/\/www.fotobuzzer.com\/wp-content\/uploads\/2017\/01\/20130928-DSC_5695-1024x684.jpg 1024w\" sizes=\"auto, (max-width: 1199px) 100vw, 1199px\" \/><\/p>\n<p><img loading=\"lazy\" decoding=\"async\" class=\"alignnone wp-image-222\" src=\"https:\/\/www.fotobuzzer.com\/wp-content\/uploads\/2017\/01\/20170907-_DSC1037.jpg\" alt=\"\" width=\"1199\" height=\"800\" srcset=\"https:\/\/www.fotobuzzer.com\/wp-content\/uploads\/2017\/01\/20170907-_DSC1037.jpg 1600w, https:\/\/www.fotobuzzer.com\/wp-content\/uploads\/2017\/01\/20170907-_DSC1037-300x200.jpg 300w, https:\/\/www.fotobuzzer.com\/wp-content\/uploads\/2017\/01\/20170907-_DSC1037-768x513.jpg 768w, https:\/\/www.fotobuzzer.com\/wp-content\/uploads\/2017\/01\/20170907-_DSC1037-1024x684.jpg 1024w\" sizes=\"auto, (max-width: 1199px) 100vw, 1199px\" \/><\/p>\n<p>&nbsp;<\/p>\n","protected":false},"excerpt":{"rendered":"<p>Sie ben\u00f6tigen noch\u00a0Lautsprecher f\u00fcr die Veranstaltung? Dem Raum fehlt das gewisse etwas, das sich durch gezielte Ausleuchtung heraus kitzeln l\u00e4sst? Oder fehlt noch die passende<\/p>\n","protected":false},"author":1,"featured_media":221,"parent":0,"menu_order":0,"comment_status":"closed","ping_status":"closed","template":"page-templates\/template-portfolio.php","meta":{"footnotes":""},"class_list":["post-176","page","type-page","status-publish","has-post-thumbnail","hentry"],"_links":{"self":[{"href":"https:\/\/www.fotobuzzer.com\/index.php?rest_route=\/wp\/v2\/pages\/176","targetHints":{"allow":["GET"]}}],"collection":[{"href":"https:\/\/www.fotobuzzer.com\/index.php?rest_route=\/wp\/v2\/pages"}],"about":[{"href":"https:\/\/www.fotobuzzer.com\/index.php?rest_route=\/wp\/v2\/types\/page"}],"author":[{"embeddable":true,"href":"https:\/\/www.fotobuzzer.com\/index.php?rest_route=\/wp\/v2\/users\/1"}],"replies":[{"embeddable":true,"href":"https:\/\/www.fotobuzzer.com\/index.php?rest_route=%2Fwp%2Fv2%2Fcomments&post=176"}],"version-history":[{"count":5,"href":"https:\/\/www.fotobuzzer.com\/index.php?rest_route=\/wp\/v2\/pages\/176\/revisions"}],"predecessor-version":[{"id":225,"href":"https:\/\/www.fotobuzzer.com\/index.php?rest_route=\/wp\/v2\/pages\/176\/revisions\/225"}],"wp:featuredmedia":[{"embeddable":true,"href":"https:\/\/www.fotobuzzer.com\/index.php?rest_route=\/wp\/v2\/media\/221"}],"wp:attachment":[{"href":"https:\/\/www.fotobuzzer.com\/index.php?rest_route=%2Fwp%2Fv2%2Fmedia&parent=176"}],"curies":[{"name":"wp","href":"https:\/\/api.w.org\/{rel}","templated":true}]}}